{"id":4008,"date":"2018-07-25T08:59:25","date_gmt":"2018-07-25T06:59:25","guid":{"rendered":"http:\/\/livetracking.space\/moby-dick\/startseite\/"},"modified":"2025-11-06T14:40:40","modified_gmt":"2025-11-06T13:40:40","slug":"fr","status":"publish","type":"page","link":"https:\/\/www.mobydick.com\/fr\/","title":{"rendered":"Page d&rsquo;accueil"},"content":{"rendered":"","protected":false},"excerpt":{"rendered":"","protected":false},"author":1,"featured_media":8575,"parent":0,"menu_order":0,"comment_status":"closed","ping_status":"closed","template":"templates\/homepage-sidebar.php","meta":{"_acf_changed":false,"footnotes":""},"class_list":["post-4008","page","type-page","status-publish","has-post-thumbnail","hentry"],"acf":[],"yoast_head":"<!-- This site is optimized with the Yoast SEO plugin v27.0 - https:\/\/yoast.com\/product\/yoast-seo-wordpress\/ -->\n<title>Contr\u00f4le des \u00e9missions : leader mondiale | MobyDick<\/title>\n<meta name=\"description\" content=\"Contr\u00f4le des \u00e9missions - La marque leader internationale pour le contr\u00f4le des \u00e9missions sur site - MobyDick | syst\u00e8mes de contr\u00f4le.\" \/>\n<meta name=\"robots\" content=\"index, follow, max-snippet:-1, max-image-preview:large, max-video-preview:-1\" \/>\n<link rel=\"canonical\" href=\"https:\/\/www.mobydick.com\/fr\/?no_redirect\" \/>\n<meta property=\"og:locale\" content=\"fr_FR\" \/>\n<meta property=\"og:type\" content=\"article\" \/>\n<meta property=\"og:title\" content=\"Contr\u00f4le des \u00e9missions : leader mondiale | MobyDick\" \/>\n<meta property=\"og:description\" content=\"Contr\u00f4le des \u00e9missions - La marque leader internationale pour le contr\u00f4le des \u00e9missions sur site - MobyDick | syst\u00e8mes de contr\u00f4le.\" \/>\n<meta property=\"og:url\" content=\"https:\/\/www.mobydick.com\/fr\/?no_redirect\" \/>\n<meta property=\"og:site_name\" content=\"MobyDick\" \/>\n<meta property=\"article:publisher\" content=\"https:\/\/web.facebook.com\/FrutigerWinterthur\/\" \/>\n<meta property=\"article:modified_time\" content=\"2025-11-06T13:40:40+00:00\" \/>\n<meta property=\"og:image\" content=\"https:\/\/www.mobydick.com\/wp-content\/uploads\/2018\/09\/mobydick.jpg\" \/>\n\t<meta property=\"og:image:width\" content=\"800\" \/>\n\t<meta property=\"og:image:height\" content=\"534\" \/>\n\t<meta property=\"og:image:type\" content=\"image\/jpeg\" \/>\n<meta name=\"twitter:card\" content=\"summary_large_image\" \/>\n<meta name=\"twitter:site\" content=\"@FrutigerCompany\" \/>\n<script type=\"application\/ld+json\" class=\"yoast-schema-graph\">{\"@context\":\"https:\/\/schema.org\",\"@graph\":[{\"@type\":\"WebPage\",\"@id\":\"https:\/\/www.mobydick.com\/fr\/\",\"url\":\"https:\/\/www.mobydick.com\/fr\/?no_redirect\",\"name\":\"Contr\u00f4le des \u00e9missions : leader mondiale | MobyDick\",\"isPartOf\":{\"@id\":\"https:\/\/www.mobydick.com\/es\/#website\"},\"primaryImageOfPage\":{\"@id\":\"https:\/\/www.mobydick.com\/fr\/?no_redirect#primaryimage\"},\"image\":{\"@id\":\"https:\/\/www.mobydick.com\/fr\/?no_redirect#primaryimage\"},\"thumbnailUrl\":\"https:\/\/i0.wp.com\/www.mobydick.com\/wp-content\/uploads\/2018\/09\/mobydick.jpg?fit=800%2C534&ssl=1\",\"datePublished\":\"2018-07-25T06:59:25+00:00\",\"dateModified\":\"2025-11-06T13:40:40+00:00\",\"description\":\"Contr\u00f4le des \u00e9missions - La marque leader internationale pour le contr\u00f4le des \u00e9missions sur site - MobyDick | syst\u00e8mes de contr\u00f4le.\",\"breadcrumb\":{\"@id\":\"https:\/\/www.mobydick.com\/fr\/?no_redirect#breadcrumb\"},\"inLanguage\":\"fr-FR\",\"potentialAction\":[{\"@type\":\"ReadAction\",\"target\":[\"https:\/\/www.mobydick.com\/fr\/?no_redirect\"]}]},{\"@type\":\"ImageObject\",\"inLanguage\":\"fr-FR\",\"@id\":\"https:\/\/www.mobydick.com\/fr\/?no_redirect#primaryimage\",\"url\":\"https:\/\/i0.wp.com\/www.mobydick.com\/wp-content\/uploads\/2018\/09\/mobydick.jpg?fit=800%2C534&ssl=1\",\"contentUrl\":\"https:\/\/i0.wp.com\/www.mobydick.com\/wp-content\/uploads\/2018\/09\/mobydick.jpg?fit=800%2C534&ssl=1\",\"width\":800,\"height\":534,\"caption\":\"mobydick\"},{\"@type\":\"BreadcrumbList\",\"@id\":\"https:\/\/www.mobydick.com\/fr\/?no_redirect#breadcrumb\",\"itemListElement\":[{\"@type\":\"ListItem\",\"position\":1,\"name\":\"Home\",\"item\":\"https:\/\/www.mobydick.com\/fr\/\"},{\"@type\":\"ListItem\",\"position\":2,\"name\":\"Page d&#8217;accueil\"}]},{\"@type\":\"WebSite\",\"@id\":\"https:\/\/www.mobydick.com\/es\/#website\",\"url\":\"https:\/\/www.mobydick.com\/es\/\",\"name\":\"MobyDick\",\"description\":\"Emission Control\",\"publisher\":{\"@id\":\"https:\/\/www.mobydick.com\/es\/#organization\"},\"potentialAction\":[{\"@type\":\"SearchAction\",\"target\":{\"@type\":\"EntryPoint\",\"urlTemplate\":\"https:\/\/www.mobydick.com\/es\/?s={search_term_string}\"},\"query-input\":{\"@type\":\"PropertyValueSpecification\",\"valueRequired\":true,\"valueName\":\"search_term_string\"}}],\"inLanguage\":\"fr-FR\"},{\"@type\":\"Organization\",\"@id\":\"https:\/\/www.mobydick.com\/es\/#organization\",\"name\":\"FRUTIGER Company AG\",\"url\":\"https:\/\/www.mobydick.com\/es\/\",\"logo\":{\"@type\":\"ImageObject\",\"inLanguage\":\"fr-FR\",\"@id\":\"https:\/\/www.mobydick.com\/es\/#\/schema\/logo\/image\/\",\"url\":\"https:\/\/i0.wp.com\/www.mobydick.com\/wp-content\/uploads\/2018\/09\/mobydick.jpg?fit=800%2C534&ssl=1\",\"contentUrl\":\"https:\/\/i0.wp.com\/www.mobydick.com\/wp-content\/uploads\/2018\/09\/mobydick.jpg?fit=800%2C534&ssl=1\",\"width\":\"800\",\"height\":\"534\",\"caption\":\"FRUTIGER Company AG\"},\"image\":{\"@id\":\"https:\/\/www.mobydick.com\/es\/#\/schema\/logo\/image\/\"},\"sameAs\":[\"https:\/\/web.facebook.com\/FrutigerWinterthur\/\",\"https:\/\/x.com\/FrutigerCompany\",\"https:\/\/www.instagram.com\/mobydick_emissioncontrol\/\",\"https:\/\/www.linkedin.com\/company\/frutiger-company-ag\/\",\"https:\/\/www.youtube.com\/channel\/UCXqqqyxR0YnQ2W5glsQW5Tg\"]}]}<\/script>\n<!-- \/ Yoast SEO plugin. -->","yoast_head_json":{"title":"Contr\u00f4le des \u00e9missions : leader mondiale | MobyDick","description":"Contr\u00f4le des \u00e9missions - La marque leader internationale pour le contr\u00f4le des \u00e9missions sur site - MobyDick | syst\u00e8mes de contr\u00f4le.","robots":{"index":"index","follow":"follow","max-snippet":"max-snippet:-1","max-image-preview":"max-image-preview:large","max-video-preview":"max-video-preview:-1"},"canonical":"https:\/\/www.mobydick.com\/fr\/?no_redirect","og_locale":"fr_FR","og_type":"article","og_title":"Contr\u00f4le des \u00e9missions : leader mondiale | MobyDick","og_description":"Contr\u00f4le des \u00e9missions - La marque leader internationale pour le contr\u00f4le des \u00e9missions sur site - MobyDick | syst\u00e8mes de contr\u00f4le.","og_url":"https:\/\/www.mobydick.com\/fr\/?no_redirect","og_site_name":"MobyDick","article_publisher":"https:\/\/web.facebook.com\/FrutigerWinterthur\/","article_modified_time":"2025-11-06T13:40:40+00:00","og_image":[{"width":800,"height":534,"url":"https:\/\/www.mobydick.com\/wp-content\/uploads\/2018\/09\/mobydick.jpg","type":"image\/jpeg"}],"twitter_card":"summary_large_image","twitter_site":"@FrutigerCompany","schema":{"@context":"https:\/\/schema.org","@graph":[{"@type":"WebPage","@id":"https:\/\/www.mobydick.com\/fr\/","url":"https:\/\/www.mobydick.com\/fr\/?no_redirect","name":"Contr\u00f4le des \u00e9missions : leader mondiale | MobyDick","isPartOf":{"@id":"https:\/\/www.mobydick.com\/es\/#website"},"primaryImageOfPage":{"@id":"https:\/\/www.mobydick.com\/fr\/?no_redirect#primaryimage"},"image":{"@id":"https:\/\/www.mobydick.com\/fr\/?no_redirect#primaryimage"},"thumbnailUrl":"https:\/\/i0.wp.com\/www.mobydick.com\/wp-content\/uploads\/2018\/09\/mobydick.jpg?fit=800%2C534&ssl=1","datePublished":"2018-07-25T06:59:25+00:00","dateModified":"2025-11-06T13:40:40+00:00","description":"Contr\u00f4le des \u00e9missions - La marque leader internationale pour le contr\u00f4le des \u00e9missions sur site - MobyDick | syst\u00e8mes de contr\u00f4le.","breadcrumb":{"@id":"https:\/\/www.mobydick.com\/fr\/?no_redirect#breadcrumb"},"inLanguage":"fr-FR","potentialAction":[{"@type":"ReadAction","target":["https:\/\/www.mobydick.com\/fr\/?no_redirect"]}]},{"@type":"ImageObject","inLanguage":"fr-FR","@id":"https:\/\/www.mobydick.com\/fr\/?no_redirect#primaryimage","url":"https:\/\/i0.wp.com\/www.mobydick.com\/wp-content\/uploads\/2018\/09\/mobydick.jpg?fit=800%2C534&ssl=1","contentUrl":"https:\/\/i0.wp.com\/www.mobydick.com\/wp-content\/uploads\/2018\/09\/mobydick.jpg?fit=800%2C534&ssl=1","width":800,"height":534,"caption":"mobydick"},{"@type":"BreadcrumbList","@id":"https:\/\/www.mobydick.com\/fr\/?no_redirect#breadcrumb","itemListElement":[{"@type":"ListItem","position":1,"name":"Home","item":"https:\/\/www.mobydick.com\/fr\/"},{"@type":"ListItem","position":2,"name":"Page d&#8217;accueil"}]},{"@type":"WebSite","@id":"https:\/\/www.mobydick.com\/es\/#website","url":"https:\/\/www.mobydick.com\/es\/","name":"MobyDick","description":"Emission Control","publisher":{"@id":"https:\/\/www.mobydick.com\/es\/#organization"},"potentialAction":[{"@type":"SearchAction","target":{"@type":"EntryPoint","urlTemplate":"https:\/\/www.mobydick.com\/es\/?s={search_term_string}"},"query-input":{"@type":"PropertyValueSpecification","valueRequired":true,"valueName":"search_term_string"}}],"inLanguage":"fr-FR"},{"@type":"Organization","@id":"https:\/\/www.mobydick.com\/es\/#organization","name":"FRUTIGER Company AG","url":"https:\/\/www.mobydick.com\/es\/","logo":{"@type":"ImageObject","inLanguage":"fr-FR","@id":"https:\/\/www.mobydick.com\/es\/#\/schema\/logo\/image\/","url":"https:\/\/i0.wp.com\/www.mobydick.com\/wp-content\/uploads\/2018\/09\/mobydick.jpg?fit=800%2C534&ssl=1","contentUrl":"https:\/\/i0.wp.com\/www.mobydick.com\/wp-content\/uploads\/2018\/09\/mobydick.jpg?fit=800%2C534&ssl=1","width":"800","height":"534","caption":"FRUTIGER Company AG"},"image":{"@id":"https:\/\/www.mobydick.com\/es\/#\/schema\/logo\/image\/"},"sameAs":["https:\/\/web.facebook.com\/FrutigerWinterthur\/","https:\/\/x.com\/FrutigerCompany","https:\/\/www.instagram.com\/mobydick_emissioncontrol\/","https:\/\/www.linkedin.com\/company\/frutiger-company-ag\/","https:\/\/www.youtube.com\/channel\/UCXqqqyxR0YnQ2W5glsQW5Tg"]}]}},"_links":{"self":[{"href":"https:\/\/www.mobydick.com\/fr\/wp-json\/wp\/v2\/pages\/4008","targetHints":{"allow":["GET"]}}],"collection":[{"href":"https:\/\/www.mobydick.com\/fr\/wp-json\/wp\/v2\/pages"}],"about":[{"href":"https:\/\/www.mobydick.com\/fr\/wp-json\/wp\/v2\/types\/page"}],"author":[{"embeddable":true,"href":"https:\/\/www.mobydick.com\/fr\/wp-json\/wp\/v2\/users\/1"}],"replies":[{"embeddable":true,"href":"https:\/\/www.mobydick.com\/fr\/wp-json\/wp\/v2\/comments?post=4008"}],"version-history":[{"count":23,"href":"https:\/\/www.mobydick.com\/fr\/wp-json\/wp\/v2\/pages\/4008\/revisions"}],"predecessor-version":[{"id":40207,"href":"https:\/\/www.mobydick.com\/fr\/wp-json\/wp\/v2\/pages\/4008\/revisions\/40207"}],"wp:featuredmedia":[{"embeddable":true,"href":"https:\/\/www.mobydick.com\/fr\/wp-json\/wp\/v2\/media\/8575"}],"wp:attachment":[{"href":"https:\/\/www.mobydick.com\/fr\/wp-json\/wp\/v2\/media?parent=4008"}],"curies":[{"name":"wp","href":"https:\/\/api.w.org\/{rel}","templated":true}]}}