{"id":4193,"date":"2018-08-06T18:36:43","date_gmt":"2018-08-06T16:36:43","guid":{"rendered":"http:\/\/livetracking.space\/moby-dick\/staubbindung\/optionen\/"},"modified":"2024-03-26T10:38:44","modified_gmt":"2024-03-26T09:38:44","slug":"opciones","status":"publish","type":"page","link":"https:\/\/www.mobydick.com\/es\/dust-control\/opciones\/","title":{"rendered":"Opciones Populares"},"content":{"rendered":"","protected":false},"excerpt":{"rendered":"","protected":false},"author":1,"featured_media":0,"parent":4179,"menu_order":6,"comment_status":"closed","ping_status":"closed","template":"templates\/product-options.php","meta":{"_acf_changed":false,"footnotes":""},"class_list":["post-4193","page","type-page","status-publish","hentry"],"acf":[],"yoast_head":"<!-- This site is optimized with the Yoast SEO plugin v27.0 - https:\/\/yoast.com\/product\/yoast-seo-wordpress\/ -->\n<title>Captaci\u00f3n de polvo Opciones Populares - MobyDick<\/title>\n<meta name=\"description\" content=\"Encuentra opciones de control de polvo en Moby Dick. Adaptadas a petr\u00f3leo, gas, miner\u00eda y construcci\u00f3n. \u00a1Consulta nuestra p\u00e1gina!\" \/>\n<meta name=\"robots\" content=\"index, follow, max-snippet:-1, max-image-preview:large, max-video-preview:-1\" \/>\n<link rel=\"canonical\" href=\"https:\/\/www.mobydick.com\/es\/dust-control\/opciones\/\" \/>\n<meta property=\"og:locale\" content=\"es_ES\" \/>\n<meta property=\"og:type\" content=\"article\" \/>\n<meta property=\"og:title\" content=\"Captaci\u00f3n de polvo Opciones Populares - MobyDick\" \/>\n<meta property=\"og:description\" content=\"Encuentra opciones de control de polvo en Moby Dick. Adaptadas a petr\u00f3leo, gas, miner\u00eda y construcci\u00f3n. \u00a1Consulta nuestra p\u00e1gina!\" \/>\n<meta property=\"og:url\" content=\"https:\/\/www.mobydick.com\/es\/dust-control\/opciones\/\" \/>\n<meta property=\"og:site_name\" content=\"MobyDick\" \/>\n<meta property=\"article:publisher\" content=\"https:\/\/web.facebook.com\/FrutigerWinterthur\/\" \/>\n<meta property=\"article:modified_time\" content=\"2024-03-26T09:38:44+00:00\" \/>\n<meta name=\"twitter:card\" content=\"summary_large_image\" \/>\n<meta name=\"twitter:site\" content=\"@FrutigerCompany\" \/>\n<script type=\"application\/ld+json\" class=\"yoast-schema-graph\">{\"@context\":\"https:\/\/schema.org\",\"@graph\":[{\"@type\":\"WebPage\",\"@id\":\"https:\/\/www.mobydick.com\/es\/dust-control\/opciones\/\",\"url\":\"https:\/\/www.mobydick.com\/es\/dust-control\/opciones\/\",\"name\":\"Captaci\u00f3n de polvo Opciones Populares - MobyDick\",\"isPartOf\":{\"@id\":\"https:\/\/www.mobydick.com\/es\/#website\"},\"datePublished\":\"2018-08-06T16:36:43+00:00\",\"dateModified\":\"2024-03-26T09:38:44+00:00\",\"description\":\"Encuentra opciones de control de polvo en Moby Dick. Adaptadas a petr\u00f3leo, gas, miner\u00eda y construcci\u00f3n. \u00a1Consulta nuestra p\u00e1gina!\",\"breadcrumb\":{\"@id\":\"https:\/\/www.mobydick.com\/es\/dust-control\/opciones\/#breadcrumb\"},\"inLanguage\":\"es\",\"potentialAction\":[{\"@type\":\"ReadAction\",\"target\":[\"https:\/\/www.mobydick.com\/es\/dust-control\/opciones\/\"]}]},{\"@type\":\"BreadcrumbList\",\"@id\":\"https:\/\/www.mobydick.com\/es\/dust-control\/opciones\/#breadcrumb\",\"itemListElement\":[{\"@type\":\"ListItem\",\"position\":1,\"name\":\"Home\",\"item\":\"https:\/\/www.mobydick.com\/es\/\"},{\"@type\":\"ListItem\",\"position\":2,\"name\":\"Dust Control\",\"item\":\"https:\/\/www.mobydick.com\/es\/dust-control\/\"},{\"@type\":\"ListItem\",\"position\":3,\"name\":\"Opciones Populares\"}]},{\"@type\":\"WebSite\",\"@id\":\"https:\/\/www.mobydick.com\/es\/#website\",\"url\":\"https:\/\/www.mobydick.com\/es\/\",\"name\":\"MobyDick\",\"description\":\"Emission Control\",\"publisher\":{\"@id\":\"https:\/\/www.mobydick.com\/es\/#organization\"},\"potentialAction\":[{\"@type\":\"SearchAction\",\"target\":{\"@type\":\"EntryPoint\",\"urlTemplate\":\"https:\/\/www.mobydick.com\/es\/?s={search_term_string}\"},\"query-input\":{\"@type\":\"PropertyValueSpecification\",\"valueRequired\":true,\"valueName\":\"search_term_string\"}}],\"inLanguage\":\"es\"},{\"@type\":\"Organization\",\"@id\":\"https:\/\/www.mobydick.com\/es\/#organization\",\"name\":\"FRUTIGER Company AG\",\"url\":\"https:\/\/www.mobydick.com\/es\/\",\"logo\":{\"@type\":\"ImageObject\",\"inLanguage\":\"es\",\"@id\":\"https:\/\/www.mobydick.com\/es\/#\/schema\/logo\/image\/\",\"url\":\"https:\/\/i0.wp.com\/www.mobydick.com\/wp-content\/uploads\/2018\/09\/mobydick.jpg?fit=800%2C534&ssl=1\",\"contentUrl\":\"https:\/\/i0.wp.com\/www.mobydick.com\/wp-content\/uploads\/2018\/09\/mobydick.jpg?fit=800%2C534&ssl=1\",\"width\":\"800\",\"height\":\"534\",\"caption\":\"FRUTIGER Company AG\"},\"image\":{\"@id\":\"https:\/\/www.mobydick.com\/es\/#\/schema\/logo\/image\/\"},\"sameAs\":[\"https:\/\/web.facebook.com\/FrutigerWinterthur\/\",\"https:\/\/x.com\/FrutigerCompany\",\"https:\/\/www.instagram.com\/mobydick_emissioncontrol\/\",\"https:\/\/www.linkedin.com\/company\/frutiger-company-ag\/\",\"https:\/\/www.youtube.com\/channel\/UCXqqqyxR0YnQ2W5glsQW5Tg\"]}]}<\/script>\n<!-- \/ Yoast SEO plugin. -->","yoast_head_json":{"title":"Captaci\u00f3n de polvo Opciones Populares - MobyDick","description":"Encuentra opciones de control de polvo en Moby Dick. Adaptadas a petr\u00f3leo, gas, miner\u00eda y construcci\u00f3n. \u00a1Consulta nuestra p\u00e1gina!","robots":{"index":"index","follow":"follow","max-snippet":"max-snippet:-1","max-image-preview":"max-image-preview:large","max-video-preview":"max-video-preview:-1"},"canonical":"https:\/\/www.mobydick.com\/es\/dust-control\/opciones\/","og_locale":"es_ES","og_type":"article","og_title":"Captaci\u00f3n de polvo Opciones Populares - MobyDick","og_description":"Encuentra opciones de control de polvo en Moby Dick. Adaptadas a petr\u00f3leo, gas, miner\u00eda y construcci\u00f3n. \u00a1Consulta nuestra p\u00e1gina!","og_url":"https:\/\/www.mobydick.com\/es\/dust-control\/opciones\/","og_site_name":"MobyDick","article_publisher":"https:\/\/web.facebook.com\/FrutigerWinterthur\/","article_modified_time":"2024-03-26T09:38:44+00:00","twitter_card":"summary_large_image","twitter_site":"@FrutigerCompany","schema":{"@context":"https:\/\/schema.org","@graph":[{"@type":"WebPage","@id":"https:\/\/www.mobydick.com\/es\/dust-control\/opciones\/","url":"https:\/\/www.mobydick.com\/es\/dust-control\/opciones\/","name":"Captaci\u00f3n de polvo Opciones Populares - MobyDick","isPartOf":{"@id":"https:\/\/www.mobydick.com\/es\/#website"},"datePublished":"2018-08-06T16:36:43+00:00","dateModified":"2024-03-26T09:38:44+00:00","description":"Encuentra opciones de control de polvo en Moby Dick. Adaptadas a petr\u00f3leo, gas, miner\u00eda y construcci\u00f3n. \u00a1Consulta nuestra p\u00e1gina!","breadcrumb":{"@id":"https:\/\/www.mobydick.com\/es\/dust-control\/opciones\/#breadcrumb"},"inLanguage":"es","potentialAction":[{"@type":"ReadAction","target":["https:\/\/www.mobydick.com\/es\/dust-control\/opciones\/"]}]},{"@type":"BreadcrumbList","@id":"https:\/\/www.mobydick.com\/es\/dust-control\/opciones\/#breadcrumb","itemListElement":[{"@type":"ListItem","position":1,"name":"Home","item":"https:\/\/www.mobydick.com\/es\/"},{"@type":"ListItem","position":2,"name":"Dust Control","item":"https:\/\/www.mobydick.com\/es\/dust-control\/"},{"@type":"ListItem","position":3,"name":"Opciones Populares"}]},{"@type":"WebSite","@id":"https:\/\/www.mobydick.com\/es\/#website","url":"https:\/\/www.mobydick.com\/es\/","name":"MobyDick","description":"Emission Control","publisher":{"@id":"https:\/\/www.mobydick.com\/es\/#organization"},"potentialAction":[{"@type":"SearchAction","target":{"@type":"EntryPoint","urlTemplate":"https:\/\/www.mobydick.com\/es\/?s={search_term_string}"},"query-input":{"@type":"PropertyValueSpecification","valueRequired":true,"valueName":"search_term_string"}}],"inLanguage":"es"},{"@type":"Organization","@id":"https:\/\/www.mobydick.com\/es\/#organization","name":"FRUTIGER Company AG","url":"https:\/\/www.mobydick.com\/es\/","logo":{"@type":"ImageObject","inLanguage":"es","@id":"https:\/\/www.mobydick.com\/es\/#\/schema\/logo\/image\/","url":"https:\/\/i0.wp.com\/www.mobydick.com\/wp-content\/uploads\/2018\/09\/mobydick.jpg?fit=800%2C534&ssl=1","contentUrl":"https:\/\/i0.wp.com\/www.mobydick.com\/wp-content\/uploads\/2018\/09\/mobydick.jpg?fit=800%2C534&ssl=1","width":"800","height":"534","caption":"FRUTIGER Company AG"},"image":{"@id":"https:\/\/www.mobydick.com\/es\/#\/schema\/logo\/image\/"},"sameAs":["https:\/\/web.facebook.com\/FrutigerWinterthur\/","https:\/\/x.com\/FrutigerCompany","https:\/\/www.instagram.com\/mobydick_emissioncontrol\/","https:\/\/www.linkedin.com\/company\/frutiger-company-ag\/","https:\/\/www.youtube.com\/channel\/UCXqqqyxR0YnQ2W5glsQW5Tg"]}]}},"_links":{"self":[{"href":"https:\/\/www.mobydick.com\/es\/wp-json\/wp\/v2\/pages\/4193","targetHints":{"allow":["GET"]}}],"collection":[{"href":"https:\/\/www.mobydick.com\/es\/wp-json\/wp\/v2\/pages"}],"about":[{"href":"https:\/\/www.mobydick.com\/es\/wp-json\/wp\/v2\/types\/page"}],"author":[{"embeddable":true,"href":"https:\/\/www.mobydick.com\/es\/wp-json\/wp\/v2\/users\/1"}],"replies":[{"embeddable":true,"href":"https:\/\/www.mobydick.com\/es\/wp-json\/wp\/v2\/comments?post=4193"}],"version-history":[{"count":4,"href":"https:\/\/www.mobydick.com\/es\/wp-json\/wp\/v2\/pages\/4193\/revisions"}],"predecessor-version":[{"id":25845,"href":"https:\/\/www.mobydick.com\/es\/wp-json\/wp\/v2\/pages\/4193\/revisions\/25845"}],"up":[{"embeddable":true,"href":"https:\/\/www.mobydick.com\/es\/wp-json\/wp\/v2\/pages\/4179"}],"wp:attachment":[{"href":"https:\/\/www.mobydick.com\/es\/wp-json\/wp\/v2\/media?parent=4193"}],"curies":[{"name":"wp","href":"https:\/\/api.w.org\/{rel}","templated":true}]}}