{"id":38381,"date":"2025-05-22T11:48:27","date_gmt":"2025-05-22T09:48:27","guid":{"rendered":"https:\/\/www.mobydick.com\/?page_id=38381"},"modified":"2025-05-22T11:48:27","modified_gmt":"2025-05-22T09:48:27","slug":"kapacita-vazani-prachu","status":"publish","type":"page","link":"https:\/\/www.mobydick.com\/cs\/kontrola-prachu\/kapacita-vazani-prachu\/","title":{"rendered":"Kapacita v\u00e1z\u00e1n\u00ed prachu"},"content":{"rendered":"","protected":false},"excerpt":{"rendered":"","protected":false},"author":7,"featured_media":0,"parent":11967,"menu_order":0,"comment_status":"closed","ping_status":"closed","template":"templates\/product-options.php","meta":{"_acf_changed":false,"footnotes":""},"class_list":["post-38381","page","type-page","status-publish","hentry"],"acf":[],"yoast_head":"<!-- This site is optimized with the Yoast SEO plugin v27.0 - https:\/\/yoast.com\/product\/yoast-seo-wordpress\/ -->\n<title>Kapacita v\u00e1z\u00e1n\u00ed prachu - MobyDick<\/title>\n<meta name=\"robots\" content=\"index, follow, max-snippet:-1, max-image-preview:large, max-video-preview:-1\" \/>\n<link rel=\"canonical\" href=\"https:\/\/www.mobydick.com\/staubbindung\/beliebte-optionen\/\" \/>\n<meta property=\"og:locale\" content=\"cs_CZ\" \/>\n<meta property=\"og:type\" content=\"article\" \/>\n<meta property=\"og:title\" content=\"Kapacita v\u00e1z\u00e1n\u00ed prachu - MobyDick\" \/>\n<meta property=\"og:url\" content=\"https:\/\/www.mobydick.com\/staubbindung\/beliebte-optionen\/\" \/>\n<meta property=\"og:site_name\" content=\"MobyDick\" \/>\n<meta property=\"article:publisher\" content=\"https:\/\/web.facebook.com\/FrutigerWinterthur\/\" \/>\n<meta name=\"twitter:card\" content=\"summary_large_image\" \/>\n<meta name=\"twitter:site\" content=\"@FrutigerCompany\" \/>\n<script type=\"application\/ld+json\" class=\"yoast-schema-graph\">{\"@context\":\"https:\/\/schema.org\",\"@graph\":[{\"@type\":\"WebPage\",\"@id\":\"https:\/\/www.mobydick.com\/cs\/kontrola-prachu\/kapacita-vazani-prachu\/\",\"url\":\"https:\/\/www.mobydick.com\/staubbindung\/beliebte-optionen\/\",\"name\":\"Kapacita v\u00e1z\u00e1n\u00ed prachu - MobyDick\",\"isPartOf\":{\"@id\":\"https:\/\/www.mobydick.com\/es\/#website\"},\"datePublished\":\"2025-05-22T09:48:27+00:00\",\"breadcrumb\":{\"@id\":\"https:\/\/www.mobydick.com\/staubbindung\/beliebte-optionen\/#breadcrumb\"},\"inLanguage\":\"cs\",\"potentialAction\":[{\"@type\":\"ReadAction\",\"target\":[\"https:\/\/www.mobydick.com\/staubbindung\/beliebte-optionen\/\"]}]},{\"@type\":\"BreadcrumbList\",\"@id\":\"https:\/\/www.mobydick.com\/staubbindung\/beliebte-optionen\/#breadcrumb\",\"itemListElement\":[{\"@type\":\"ListItem\",\"position\":1,\"name\":\"Home\",\"item\":\"https:\/\/www.mobydick.com\/cs\/\"},{\"@type\":\"ListItem\",\"position\":2,\"name\":\"Kontrola prachu\",\"item\":\"https:\/\/www.mobydick.com\/cs\/kontrola-prachu\/\"},{\"@type\":\"ListItem\",\"position\":3,\"name\":\"Kapacita v\u00e1z\u00e1n\u00ed prachu\"}]},{\"@type\":\"WebSite\",\"@id\":\"https:\/\/www.mobydick.com\/es\/#website\",\"url\":\"https:\/\/www.mobydick.com\/es\/\",\"name\":\"MobyDick\",\"description\":\"Emission Control\",\"publisher\":{\"@id\":\"https:\/\/www.mobydick.com\/es\/#organization\"},\"potentialAction\":[{\"@type\":\"SearchAction\",\"target\":{\"@type\":\"EntryPoint\",\"urlTemplate\":\"https:\/\/www.mobydick.com\/es\/?s={search_term_string}\"},\"query-input\":{\"@type\":\"PropertyValueSpecification\",\"valueRequired\":true,\"valueName\":\"search_term_string\"}}],\"inLanguage\":\"cs\"},{\"@type\":\"Organization\",\"@id\":\"https:\/\/www.mobydick.com\/es\/#organization\",\"name\":\"FRUTIGER Company AG\",\"url\":\"https:\/\/www.mobydick.com\/es\/\",\"logo\":{\"@type\":\"ImageObject\",\"inLanguage\":\"cs\",\"@id\":\"https:\/\/www.mobydick.com\/es\/#\/schema\/logo\/image\/\",\"url\":\"https:\/\/i0.wp.com\/www.mobydick.com\/wp-content\/uploads\/2018\/09\/mobydick.jpg?fit=800%2C534&ssl=1\",\"contentUrl\":\"https:\/\/i0.wp.com\/www.mobydick.com\/wp-content\/uploads\/2018\/09\/mobydick.jpg?fit=800%2C534&ssl=1\",\"width\":\"800\",\"height\":\"534\",\"caption\":\"FRUTIGER Company AG\"},\"image\":{\"@id\":\"https:\/\/www.mobydick.com\/es\/#\/schema\/logo\/image\/\"},\"sameAs\":[\"https:\/\/web.facebook.com\/FrutigerWinterthur\/\",\"https:\/\/x.com\/FrutigerCompany\",\"https:\/\/www.instagram.com\/mobydick_emissioncontrol\/\",\"https:\/\/www.linkedin.com\/company\/frutiger-company-ag\/\",\"https:\/\/www.youtube.com\/channel\/UCXqqqyxR0YnQ2W5glsQW5Tg\"]}]}<\/script>\n<!-- \/ Yoast SEO plugin. -->","yoast_head_json":{"title":"Kapacita v\u00e1z\u00e1n\u00ed prachu - MobyDick","robots":{"index":"index","follow":"follow","max-snippet":"max-snippet:-1","max-image-preview":"max-image-preview:large","max-video-preview":"max-video-preview:-1"},"canonical":"https:\/\/www.mobydick.com\/staubbindung\/beliebte-optionen\/","og_locale":"cs_CZ","og_type":"article","og_title":"Kapacita v\u00e1z\u00e1n\u00ed prachu - MobyDick","og_url":"https:\/\/www.mobydick.com\/staubbindung\/beliebte-optionen\/","og_site_name":"MobyDick","article_publisher":"https:\/\/web.facebook.com\/FrutigerWinterthur\/","twitter_card":"summary_large_image","twitter_site":"@FrutigerCompany","schema":{"@context":"https:\/\/schema.org","@graph":[{"@type":"WebPage","@id":"https:\/\/www.mobydick.com\/cs\/kontrola-prachu\/kapacita-vazani-prachu\/","url":"https:\/\/www.mobydick.com\/staubbindung\/beliebte-optionen\/","name":"Kapacita v\u00e1z\u00e1n\u00ed prachu - MobyDick","isPartOf":{"@id":"https:\/\/www.mobydick.com\/es\/#website"},"datePublished":"2025-05-22T09:48:27+00:00","breadcrumb":{"@id":"https:\/\/www.mobydick.com\/staubbindung\/beliebte-optionen\/#breadcrumb"},"inLanguage":"cs","potentialAction":[{"@type":"ReadAction","target":["https:\/\/www.mobydick.com\/staubbindung\/beliebte-optionen\/"]}]},{"@type":"BreadcrumbList","@id":"https:\/\/www.mobydick.com\/staubbindung\/beliebte-optionen\/#breadcrumb","itemListElement":[{"@type":"ListItem","position":1,"name":"Home","item":"https:\/\/www.mobydick.com\/cs\/"},{"@type":"ListItem","position":2,"name":"Kontrola prachu","item":"https:\/\/www.mobydick.com\/cs\/kontrola-prachu\/"},{"@type":"ListItem","position":3,"name":"Kapacita v\u00e1z\u00e1n\u00ed prachu"}]},{"@type":"WebSite","@id":"https:\/\/www.mobydick.com\/es\/#website","url":"https:\/\/www.mobydick.com\/es\/","name":"MobyDick","description":"Emission Control","publisher":{"@id":"https:\/\/www.mobydick.com\/es\/#organization"},"potentialAction":[{"@type":"SearchAction","target":{"@type":"EntryPoint","urlTemplate":"https:\/\/www.mobydick.com\/es\/?s={search_term_string}"},"query-input":{"@type":"PropertyValueSpecification","valueRequired":true,"valueName":"search_term_string"}}],"inLanguage":"cs"},{"@type":"Organization","@id":"https:\/\/www.mobydick.com\/es\/#organization","name":"FRUTIGER Company AG","url":"https:\/\/www.mobydick.com\/es\/","logo":{"@type":"ImageObject","inLanguage":"cs","@id":"https:\/\/www.mobydick.com\/es\/#\/schema\/logo\/image\/","url":"https:\/\/i0.wp.com\/www.mobydick.com\/wp-content\/uploads\/2018\/09\/mobydick.jpg?fit=800%2C534&ssl=1","contentUrl":"https:\/\/i0.wp.com\/www.mobydick.com\/wp-content\/uploads\/2018\/09\/mobydick.jpg?fit=800%2C534&ssl=1","width":"800","height":"534","caption":"FRUTIGER Company AG"},"image":{"@id":"https:\/\/www.mobydick.com\/es\/#\/schema\/logo\/image\/"},"sameAs":["https:\/\/web.facebook.com\/FrutigerWinterthur\/","https:\/\/x.com\/FrutigerCompany","https:\/\/www.instagram.com\/mobydick_emissioncontrol\/","https:\/\/www.linkedin.com\/company\/frutiger-company-ag\/","https:\/\/www.youtube.com\/channel\/UCXqqqyxR0YnQ2W5glsQW5Tg"]}]}},"_links":{"self":[{"href":"https:\/\/www.mobydick.com\/cs\/wp-json\/wp\/v2\/pages\/38381","targetHints":{"allow":["GET"]}}],"collection":[{"href":"https:\/\/www.mobydick.com\/cs\/wp-json\/wp\/v2\/pages"}],"about":[{"href":"https:\/\/www.mobydick.com\/cs\/wp-json\/wp\/v2\/types\/page"}],"author":[{"embeddable":true,"href":"https:\/\/www.mobydick.com\/cs\/wp-json\/wp\/v2\/users\/7"}],"replies":[{"embeddable":true,"href":"https:\/\/www.mobydick.com\/cs\/wp-json\/wp\/v2\/comments?post=38381"}],"version-history":[{"count":1,"href":"https:\/\/www.mobydick.com\/cs\/wp-json\/wp\/v2\/pages\/38381\/revisions"}],"predecessor-version":[{"id":38410,"href":"https:\/\/www.mobydick.com\/cs\/wp-json\/wp\/v2\/pages\/38381\/revisions\/38410"}],"up":[{"embeddable":true,"href":"https:\/\/www.mobydick.com\/cs\/wp-json\/wp\/v2\/pages\/11967"}],"wp:attachment":[{"href":"https:\/\/www.mobydick.com\/cs\/wp-json\/wp\/v2\/media?parent=38381"}],"curies":[{"name":"wp","href":"https:\/\/api.w.org\/{rel}","templated":true}]}}