{"id":14012,"date":"2020-10-26T09:49:14","date_gmt":"2020-10-26T08:49:14","guid":{"rendered":"https:\/\/www.mobydick.com\/?page_id=14012"},"modified":"2026-03-05T11:23:17","modified_gmt":"2026-03-05T10:23:17","slug":"adhezni-smlouva-2","status":"publish","type":"page","link":"https:\/\/www.mobydick.com\/cs\/adhezni-smlouva-2\/","title":{"rendered":"Privacy policy"},"content":{"rendered":"","protected":false},"excerpt":{"rendered":"","protected":false},"author":7,"featured_media":0,"parent":0,"menu_order":0,"comment_status":"closed","ping_status":"closed","template":"","meta":{"_acf_changed":false,"footnotes":""},"class_list":["post-14012","page","type-page","status-publish","hentry"],"acf":[],"yoast_head":"<!-- This site is optimized with the Yoast SEO plugin v27.0 - https:\/\/yoast.com\/product\/yoast-seo-wordpress\/ -->\n<title>Obchodn\u00ed podm\u00ednky - Obchodn\u00ed podm\u00ednky - MobyDick<\/title>\n<meta name=\"description\" content=\"V\u0161eobecn\u00e9 obchodn\u00ed podm\u00ednky spole\u010dnosti FRUTIGER AG. V\u00edce informac\u00ed o spole\u010dnosti FRUTIGER Company AG \/ MobyDick naleznete na t\u00e9to str\u00e1nce\" \/>\n<meta name=\"robots\" content=\"index, follow, max-snippet:-1, max-image-preview:large, max-video-preview:-1\" \/>\n<link rel=\"canonical\" href=\"https:\/\/www.mobydick.com\/cs\/adhezni-smlouva-2\/\" \/>\n<meta property=\"og:locale\" content=\"cs_CZ\" \/>\n<meta property=\"og:type\" content=\"article\" \/>\n<meta property=\"og:title\" content=\"Obchodn\u00ed podm\u00ednky - Obchodn\u00ed podm\u00ednky - MobyDick\" \/>\n<meta property=\"og:description\" content=\"V\u0161eobecn\u00e9 obchodn\u00ed podm\u00ednky spole\u010dnosti FRUTIGER AG. V\u00edce informac\u00ed o spole\u010dnosti FRUTIGER Company AG \/ MobyDick naleznete na t\u00e9to str\u00e1nce\" \/>\n<meta property=\"og:url\" content=\"https:\/\/www.mobydick.com\/cs\/adhezni-smlouva-2\/\" \/>\n<meta property=\"og:site_name\" content=\"MobyDick\" \/>\n<meta property=\"article:publisher\" content=\"https:\/\/web.facebook.com\/FrutigerWinterthur\/\" \/>\n<meta property=\"article:modified_time\" content=\"2026-03-05T10:23:17+00:00\" \/>\n<meta name=\"twitter:card\" content=\"summary_large_image\" \/>\n<meta name=\"twitter:site\" content=\"@FrutigerCompany\" \/>\n<script type=\"application\/ld+json\" class=\"yoast-schema-graph\">{\"@context\":\"https:\/\/schema.org\",\"@graph\":[{\"@type\":\"WebPage\",\"@id\":\"https:\/\/www.mobydick.com\/cs\/adhezni-smlouva-2\/\",\"url\":\"https:\/\/www.mobydick.com\/cs\/adhezni-smlouva-2\/\",\"name\":\"Obchodn\u00ed podm\u00ednky - Obchodn\u00ed podm\u00ednky - MobyDick\",\"isPartOf\":{\"@id\":\"https:\/\/www.mobydick.com\/es\/#website\"},\"datePublished\":\"2020-10-26T08:49:14+00:00\",\"dateModified\":\"2026-03-05T10:23:17+00:00\",\"description\":\"V\u0161eobecn\u00e9 obchodn\u00ed podm\u00ednky spole\u010dnosti FRUTIGER AG. V\u00edce informac\u00ed o spole\u010dnosti FRUTIGER Company AG \/ MobyDick naleznete na t\u00e9to str\u00e1nce\",\"breadcrumb\":{\"@id\":\"https:\/\/www.mobydick.com\/cs\/adhezni-smlouva-2\/#breadcrumb\"},\"inLanguage\":\"cs\",\"potentialAction\":[{\"@type\":\"ReadAction\",\"target\":[\"https:\/\/www.mobydick.com\/cs\/adhezni-smlouva-2\/\"]}]},{\"@type\":\"BreadcrumbList\",\"@id\":\"https:\/\/www.mobydick.com\/cs\/adhezni-smlouva-2\/#breadcrumb\",\"itemListElement\":[{\"@type\":\"ListItem\",\"position\":1,\"name\":\"Home\",\"item\":\"https:\/\/www.mobydick.com\/cs\/\"},{\"@type\":\"ListItem\",\"position\":2,\"name\":\"Privacy policy\"}]},{\"@type\":\"WebSite\",\"@id\":\"https:\/\/www.mobydick.com\/es\/#website\",\"url\":\"https:\/\/www.mobydick.com\/es\/\",\"name\":\"MobyDick\",\"description\":\"Emission Control\",\"publisher\":{\"@id\":\"https:\/\/www.mobydick.com\/es\/#organization\"},\"potentialAction\":[{\"@type\":\"SearchAction\",\"target\":{\"@type\":\"EntryPoint\",\"urlTemplate\":\"https:\/\/www.mobydick.com\/es\/?s={search_term_string}\"},\"query-input\":{\"@type\":\"PropertyValueSpecification\",\"valueRequired\":true,\"valueName\":\"search_term_string\"}}],\"inLanguage\":\"cs\"},{\"@type\":\"Organization\",\"@id\":\"https:\/\/www.mobydick.com\/es\/#organization\",\"name\":\"FRUTIGER Company AG\",\"url\":\"https:\/\/www.mobydick.com\/es\/\",\"logo\":{\"@type\":\"ImageObject\",\"inLanguage\":\"cs\",\"@id\":\"https:\/\/www.mobydick.com\/es\/#\/schema\/logo\/image\/\",\"url\":\"https:\/\/i0.wp.com\/www.mobydick.com\/wp-content\/uploads\/2018\/09\/mobydick.jpg?fit=800%2C534&ssl=1\",\"contentUrl\":\"https:\/\/i0.wp.com\/www.mobydick.com\/wp-content\/uploads\/2018\/09\/mobydick.jpg?fit=800%2C534&ssl=1\",\"width\":\"800\",\"height\":\"534\",\"caption\":\"FRUTIGER Company AG\"},\"image\":{\"@id\":\"https:\/\/www.mobydick.com\/es\/#\/schema\/logo\/image\/\"},\"sameAs\":[\"https:\/\/web.facebook.com\/FrutigerWinterthur\/\",\"https:\/\/x.com\/FrutigerCompany\",\"https:\/\/www.instagram.com\/mobydick_emissioncontrol\/\",\"https:\/\/www.linkedin.com\/company\/frutiger-company-ag\/\",\"https:\/\/www.youtube.com\/channel\/UCXqqqyxR0YnQ2W5glsQW5Tg\"]}]}<\/script>\n<!-- \/ Yoast SEO plugin. -->","yoast_head_json":{"title":"Obchodn\u00ed podm\u00ednky - Obchodn\u00ed podm\u00ednky - MobyDick","description":"V\u0161eobecn\u00e9 obchodn\u00ed podm\u00ednky spole\u010dnosti FRUTIGER AG. V\u00edce informac\u00ed o spole\u010dnosti FRUTIGER Company AG \/ MobyDick naleznete na t\u00e9to str\u00e1nce","robots":{"index":"index","follow":"follow","max-snippet":"max-snippet:-1","max-image-preview":"max-image-preview:large","max-video-preview":"max-video-preview:-1"},"canonical":"https:\/\/www.mobydick.com\/cs\/adhezni-smlouva-2\/","og_locale":"cs_CZ","og_type":"article","og_title":"Obchodn\u00ed podm\u00ednky - Obchodn\u00ed podm\u00ednky - MobyDick","og_description":"V\u0161eobecn\u00e9 obchodn\u00ed podm\u00ednky spole\u010dnosti FRUTIGER AG. V\u00edce informac\u00ed o spole\u010dnosti FRUTIGER Company AG \/ MobyDick naleznete na t\u00e9to str\u00e1nce","og_url":"https:\/\/www.mobydick.com\/cs\/adhezni-smlouva-2\/","og_site_name":"MobyDick","article_publisher":"https:\/\/web.facebook.com\/FrutigerWinterthur\/","article_modified_time":"2026-03-05T10:23:17+00:00","twitter_card":"summary_large_image","twitter_site":"@FrutigerCompany","schema":{"@context":"https:\/\/schema.org","@graph":[{"@type":"WebPage","@id":"https:\/\/www.mobydick.com\/cs\/adhezni-smlouva-2\/","url":"https:\/\/www.mobydick.com\/cs\/adhezni-smlouva-2\/","name":"Obchodn\u00ed podm\u00ednky - Obchodn\u00ed podm\u00ednky - MobyDick","isPartOf":{"@id":"https:\/\/www.mobydick.com\/es\/#website"},"datePublished":"2020-10-26T08:49:14+00:00","dateModified":"2026-03-05T10:23:17+00:00","description":"V\u0161eobecn\u00e9 obchodn\u00ed podm\u00ednky spole\u010dnosti FRUTIGER AG. V\u00edce informac\u00ed o spole\u010dnosti FRUTIGER Company AG \/ MobyDick naleznete na t\u00e9to str\u00e1nce","breadcrumb":{"@id":"https:\/\/www.mobydick.com\/cs\/adhezni-smlouva-2\/#breadcrumb"},"inLanguage":"cs","potentialAction":[{"@type":"ReadAction","target":["https:\/\/www.mobydick.com\/cs\/adhezni-smlouva-2\/"]}]},{"@type":"BreadcrumbList","@id":"https:\/\/www.mobydick.com\/cs\/adhezni-smlouva-2\/#breadcrumb","itemListElement":[{"@type":"ListItem","position":1,"name":"Home","item":"https:\/\/www.mobydick.com\/cs\/"},{"@type":"ListItem","position":2,"name":"Privacy policy"}]},{"@type":"WebSite","@id":"https:\/\/www.mobydick.com\/es\/#website","url":"https:\/\/www.mobydick.com\/es\/","name":"MobyDick","description":"Emission Control","publisher":{"@id":"https:\/\/www.mobydick.com\/es\/#organization"},"potentialAction":[{"@type":"SearchAction","target":{"@type":"EntryPoint","urlTemplate":"https:\/\/www.mobydick.com\/es\/?s={search_term_string}"},"query-input":{"@type":"PropertyValueSpecification","valueRequired":true,"valueName":"search_term_string"}}],"inLanguage":"cs"},{"@type":"Organization","@id":"https:\/\/www.mobydick.com\/es\/#organization","name":"FRUTIGER Company AG","url":"https:\/\/www.mobydick.com\/es\/","logo":{"@type":"ImageObject","inLanguage":"cs","@id":"https:\/\/www.mobydick.com\/es\/#\/schema\/logo\/image\/","url":"https:\/\/i0.wp.com\/www.mobydick.com\/wp-content\/uploads\/2018\/09\/mobydick.jpg?fit=800%2C534&ssl=1","contentUrl":"https:\/\/i0.wp.com\/www.mobydick.com\/wp-content\/uploads\/2018\/09\/mobydick.jpg?fit=800%2C534&ssl=1","width":"800","height":"534","caption":"FRUTIGER Company AG"},"image":{"@id":"https:\/\/www.mobydick.com\/es\/#\/schema\/logo\/image\/"},"sameAs":["https:\/\/web.facebook.com\/FrutigerWinterthur\/","https:\/\/x.com\/FrutigerCompany","https:\/\/www.instagram.com\/mobydick_emissioncontrol\/","https:\/\/www.linkedin.com\/company\/frutiger-company-ag\/","https:\/\/www.youtube.com\/channel\/UCXqqqyxR0YnQ2W5glsQW5Tg"]}]}},"_links":{"self":[{"href":"https:\/\/www.mobydick.com\/cs\/wp-json\/wp\/v2\/pages\/14012","targetHints":{"allow":["GET"]}}],"collection":[{"href":"https:\/\/www.mobydick.com\/cs\/wp-json\/wp\/v2\/pages"}],"about":[{"href":"https:\/\/www.mobydick.com\/cs\/wp-json\/wp\/v2\/types\/page"}],"author":[{"embeddable":true,"href":"https:\/\/www.mobydick.com\/cs\/wp-json\/wp\/v2\/users\/7"}],"replies":[{"embeddable":true,"href":"https:\/\/www.mobydick.com\/cs\/wp-json\/wp\/v2\/comments?post=14012"}],"version-history":[{"count":3,"href":"https:\/\/www.mobydick.com\/cs\/wp-json\/wp\/v2\/pages\/14012\/revisions"}],"predecessor-version":[{"id":40566,"href":"https:\/\/www.mobydick.com\/cs\/wp-json\/wp\/v2\/pages\/14012\/revisions\/40566"}],"wp:attachment":[{"href":"https:\/\/www.mobydick.com\/cs\/wp-json\/wp\/v2\/media?parent=14012"}],"curies":[{"name":"wp","href":"https:\/\/api.w.org\/{rel}","templated":true}]}}