{"id":12147,"date":"2018-09-14T10:55:52","date_gmt":"2018-09-14T08:55:52","guid":{"rendered":"https:\/\/www.mobydick.com\/messen\/"},"modified":"2025-12-11T15:30:30","modified_gmt":"2025-12-11T14:30:30","slug":"vystavy","status":"publish","type":"page","link":"https:\/\/www.mobydick.com\/cs\/vystavy\/","title":{"rendered":"V\u00fdstavy"},"content":{"rendered":"","protected":false},"excerpt":{"rendered":"","protected":false},"author":1,"featured_media":0,"parent":0,"menu_order":0,"comment_status":"closed","ping_status":"closed","template":"templates\/messen.php","meta":{"_acf_changed":false,"footnotes":""},"class_list":["post-12147","page","type-page","status-publish","hentry"],"acf":[],"yoast_head":"<!-- This site is optimized with the Yoast SEO plugin v27.0 - https:\/\/yoast.com\/product\/yoast-seo-wordpress\/ -->\n<title>Veletrhy - n\u00e1v\u0161tivte MobyDick na veletrhu<\/title>\n<meta name=\"description\" content=\"Veletrhy - M\u00e1te z\u00e1jem o setk\u00e1n\u00ed s Mobydickem na jedn\u00e9 z nejd\u016fle\u017eit\u011bj\u0161\u00edch sv\u011btov\u00fdch akc\u00ed? V\u00edce se dozv\u00edte na na\u0161\u00ed str\u00e1nce &quot;Veletrhy&quot;.\" \/>\n<meta name=\"robots\" content=\"index, follow, max-snippet:-1, max-image-preview:large, max-video-preview:-1\" \/>\n<link rel=\"canonical\" href=\"https:\/\/www.mobydick.com\/cs\/vystavy\/\" \/>\n<meta property=\"og:locale\" content=\"cs_CZ\" \/>\n<meta property=\"og:type\" content=\"article\" \/>\n<meta property=\"og:title\" content=\"Veletrhy - n\u00e1v\u0161tivte MobyDick na veletrhu\" \/>\n<meta property=\"og:description\" content=\"Veletrhy - M\u00e1te z\u00e1jem o setk\u00e1n\u00ed s Mobydickem na jedn\u00e9 z nejd\u016fle\u017eit\u011bj\u0161\u00edch sv\u011btov\u00fdch akc\u00ed? V\u00edce se dozv\u00edte na na\u0161\u00ed str\u00e1nce &quot;Veletrhy&quot;.\" \/>\n<meta property=\"og:url\" content=\"https:\/\/www.mobydick.com\/cs\/vystavy\/\" \/>\n<meta property=\"og:site_name\" content=\"MobyDick\" \/>\n<meta property=\"article:publisher\" content=\"https:\/\/web.facebook.com\/FrutigerWinterthur\/\" \/>\n<meta property=\"article:modified_time\" content=\"2025-12-11T14:30:30+00:00\" \/>\n<meta name=\"twitter:card\" content=\"summary_large_image\" \/>\n<meta name=\"twitter:site\" content=\"@FrutigerCompany\" \/>\n<script type=\"application\/ld+json\" class=\"yoast-schema-graph\">{\"@context\":\"https:\/\/schema.org\",\"@graph\":[{\"@type\":\"WebPage\",\"@id\":\"https:\/\/www.mobydick.com\/cs\/vystavy\/\",\"url\":\"https:\/\/www.mobydick.com\/cs\/vystavy\/\",\"name\":\"Veletrhy - n\u00e1v\u0161tivte MobyDick na veletrhu\",\"isPartOf\":{\"@id\":\"https:\/\/www.mobydick.com\/es\/#website\"},\"datePublished\":\"2018-09-14T08:55:52+00:00\",\"dateModified\":\"2025-12-11T14:30:30+00:00\",\"description\":\"Veletrhy - M\u00e1te z\u00e1jem o setk\u00e1n\u00ed s Mobydickem na jedn\u00e9 z nejd\u016fle\u017eit\u011bj\u0161\u00edch sv\u011btov\u00fdch akc\u00ed? V\u00edce se dozv\u00edte na na\u0161\u00ed str\u00e1nce \\\"Veletrhy\\\".\",\"breadcrumb\":{\"@id\":\"https:\/\/www.mobydick.com\/cs\/vystavy\/#breadcrumb\"},\"inLanguage\":\"cs\",\"potentialAction\":[{\"@type\":\"ReadAction\",\"target\":[\"https:\/\/www.mobydick.com\/cs\/vystavy\/\"]}]},{\"@type\":\"BreadcrumbList\",\"@id\":\"https:\/\/www.mobydick.com\/cs\/vystavy\/#breadcrumb\",\"itemListElement\":[{\"@type\":\"ListItem\",\"position\":1,\"name\":\"Home\",\"item\":\"https:\/\/www.mobydick.com\/cs\/\"},{\"@type\":\"ListItem\",\"position\":2,\"name\":\"V\u00fdstavy\"}]},{\"@type\":\"WebSite\",\"@id\":\"https:\/\/www.mobydick.com\/es\/#website\",\"url\":\"https:\/\/www.mobydick.com\/es\/\",\"name\":\"MobyDick\",\"description\":\"Emission Control\",\"publisher\":{\"@id\":\"https:\/\/www.mobydick.com\/es\/#organization\"},\"potentialAction\":[{\"@type\":\"SearchAction\",\"target\":{\"@type\":\"EntryPoint\",\"urlTemplate\":\"https:\/\/www.mobydick.com\/es\/?s={search_term_string}\"},\"query-input\":{\"@type\":\"PropertyValueSpecification\",\"valueRequired\":true,\"valueName\":\"search_term_string\"}}],\"inLanguage\":\"cs\"},{\"@type\":\"Organization\",\"@id\":\"https:\/\/www.mobydick.com\/es\/#organization\",\"name\":\"FRUTIGER Company AG\",\"url\":\"https:\/\/www.mobydick.com\/es\/\",\"logo\":{\"@type\":\"ImageObject\",\"inLanguage\":\"cs\",\"@id\":\"https:\/\/www.mobydick.com\/es\/#\/schema\/logo\/image\/\",\"url\":\"https:\/\/i0.wp.com\/www.mobydick.com\/wp-content\/uploads\/2018\/09\/mobydick.jpg?fit=800%2C534&ssl=1\",\"contentUrl\":\"https:\/\/i0.wp.com\/www.mobydick.com\/wp-content\/uploads\/2018\/09\/mobydick.jpg?fit=800%2C534&ssl=1\",\"width\":\"800\",\"height\":\"534\",\"caption\":\"FRUTIGER Company AG\"},\"image\":{\"@id\":\"https:\/\/www.mobydick.com\/es\/#\/schema\/logo\/image\/\"},\"sameAs\":[\"https:\/\/web.facebook.com\/FrutigerWinterthur\/\",\"https:\/\/x.com\/FrutigerCompany\",\"https:\/\/www.instagram.com\/mobydick_emissioncontrol\/\",\"https:\/\/www.linkedin.com\/company\/frutiger-company-ag\/\",\"https:\/\/www.youtube.com\/channel\/UCXqqqyxR0YnQ2W5glsQW5Tg\"]}]}<\/script>\n<!-- \/ Yoast SEO plugin. -->","yoast_head_json":{"title":"Veletrhy - n\u00e1v\u0161tivte MobyDick na veletrhu","description":"Veletrhy - M\u00e1te z\u00e1jem o setk\u00e1n\u00ed s Mobydickem na jedn\u00e9 z nejd\u016fle\u017eit\u011bj\u0161\u00edch sv\u011btov\u00fdch akc\u00ed? V\u00edce se dozv\u00edte na na\u0161\u00ed str\u00e1nce \"Veletrhy\".","robots":{"index":"index","follow":"follow","max-snippet":"max-snippet:-1","max-image-preview":"max-image-preview:large","max-video-preview":"max-video-preview:-1"},"canonical":"https:\/\/www.mobydick.com\/cs\/vystavy\/","og_locale":"cs_CZ","og_type":"article","og_title":"Veletrhy - n\u00e1v\u0161tivte MobyDick na veletrhu","og_description":"Veletrhy - M\u00e1te z\u00e1jem o setk\u00e1n\u00ed s Mobydickem na jedn\u00e9 z nejd\u016fle\u017eit\u011bj\u0161\u00edch sv\u011btov\u00fdch akc\u00ed? V\u00edce se dozv\u00edte na na\u0161\u00ed str\u00e1nce \"Veletrhy\".","og_url":"https:\/\/www.mobydick.com\/cs\/vystavy\/","og_site_name":"MobyDick","article_publisher":"https:\/\/web.facebook.com\/FrutigerWinterthur\/","article_modified_time":"2025-12-11T14:30:30+00:00","twitter_card":"summary_large_image","twitter_site":"@FrutigerCompany","schema":{"@context":"https:\/\/schema.org","@graph":[{"@type":"WebPage","@id":"https:\/\/www.mobydick.com\/cs\/vystavy\/","url":"https:\/\/www.mobydick.com\/cs\/vystavy\/","name":"Veletrhy - n\u00e1v\u0161tivte MobyDick na veletrhu","isPartOf":{"@id":"https:\/\/www.mobydick.com\/es\/#website"},"datePublished":"2018-09-14T08:55:52+00:00","dateModified":"2025-12-11T14:30:30+00:00","description":"Veletrhy - M\u00e1te z\u00e1jem o setk\u00e1n\u00ed s Mobydickem na jedn\u00e9 z nejd\u016fle\u017eit\u011bj\u0161\u00edch sv\u011btov\u00fdch akc\u00ed? V\u00edce se dozv\u00edte na na\u0161\u00ed str\u00e1nce \"Veletrhy\".","breadcrumb":{"@id":"https:\/\/www.mobydick.com\/cs\/vystavy\/#breadcrumb"},"inLanguage":"cs","potentialAction":[{"@type":"ReadAction","target":["https:\/\/www.mobydick.com\/cs\/vystavy\/"]}]},{"@type":"BreadcrumbList","@id":"https:\/\/www.mobydick.com\/cs\/vystavy\/#breadcrumb","itemListElement":[{"@type":"ListItem","position":1,"name":"Home","item":"https:\/\/www.mobydick.com\/cs\/"},{"@type":"ListItem","position":2,"name":"V\u00fdstavy"}]},{"@type":"WebSite","@id":"https:\/\/www.mobydick.com\/es\/#website","url":"https:\/\/www.mobydick.com\/es\/","name":"MobyDick","description":"Emission Control","publisher":{"@id":"https:\/\/www.mobydick.com\/es\/#organization"},"potentialAction":[{"@type":"SearchAction","target":{"@type":"EntryPoint","urlTemplate":"https:\/\/www.mobydick.com\/es\/?s={search_term_string}"},"query-input":{"@type":"PropertyValueSpecification","valueRequired":true,"valueName":"search_term_string"}}],"inLanguage":"cs"},{"@type":"Organization","@id":"https:\/\/www.mobydick.com\/es\/#organization","name":"FRUTIGER Company AG","url":"https:\/\/www.mobydick.com\/es\/","logo":{"@type":"ImageObject","inLanguage":"cs","@id":"https:\/\/www.mobydick.com\/es\/#\/schema\/logo\/image\/","url":"https:\/\/i0.wp.com\/www.mobydick.com\/wp-content\/uploads\/2018\/09\/mobydick.jpg?fit=800%2C534&ssl=1","contentUrl":"https:\/\/i0.wp.com\/www.mobydick.com\/wp-content\/uploads\/2018\/09\/mobydick.jpg?fit=800%2C534&ssl=1","width":"800","height":"534","caption":"FRUTIGER Company AG"},"image":{"@id":"https:\/\/www.mobydick.com\/es\/#\/schema\/logo\/image\/"},"sameAs":["https:\/\/web.facebook.com\/FrutigerWinterthur\/","https:\/\/x.com\/FrutigerCompany","https:\/\/www.instagram.com\/mobydick_emissioncontrol\/","https:\/\/www.linkedin.com\/company\/frutiger-company-ag\/","https:\/\/www.youtube.com\/channel\/UCXqqqyxR0YnQ2W5glsQW5Tg"]}]}},"_links":{"self":[{"href":"https:\/\/www.mobydick.com\/cs\/wp-json\/wp\/v2\/pages\/12147","targetHints":{"allow":["GET"]}}],"collection":[{"href":"https:\/\/www.mobydick.com\/cs\/wp-json\/wp\/v2\/pages"}],"about":[{"href":"https:\/\/www.mobydick.com\/cs\/wp-json\/wp\/v2\/types\/page"}],"author":[{"embeddable":true,"href":"https:\/\/www.mobydick.com\/cs\/wp-json\/wp\/v2\/users\/1"}],"replies":[{"embeddable":true,"href":"https:\/\/www.mobydick.com\/cs\/wp-json\/wp\/v2\/comments?post=12147"}],"version-history":[{"count":28,"href":"https:\/\/www.mobydick.com\/cs\/wp-json\/wp\/v2\/pages\/12147\/revisions"}],"predecessor-version":[{"id":40392,"href":"https:\/\/www.mobydick.com\/cs\/wp-json\/wp\/v2\/pages\/12147\/revisions\/40392"}],"wp:attachment":[{"href":"https:\/\/www.mobydick.com\/cs\/wp-json\/wp\/v2\/media?parent=12147"}],"curies":[{"name":"wp","href":"https:\/\/api.w.org\/{rel}","templated":true}]}}