{"id":12005,"date":"2018-07-27T08:24:56","date_gmt":"2018-07-27T07:24:56","guid":{"rendered":"https:\/\/www.mobydick.com\/standorte\/"},"modified":"2026-03-05T11:39:55","modified_gmt":"2026-03-05T10:39:55","slug":"pobocky","status":"publish","type":"page","link":"https:\/\/www.mobydick.com\/cs\/pobocky\/","title":{"rendered":"Pobo\u010dky"},"content":{"rendered":"","protected":false},"excerpt":{"rendered":"","protected":false},"author":1,"featured_media":0,"parent":0,"menu_order":0,"comment_status":"closed","ping_status":"closed","template":"templates\/locations.php","meta":{"_acf_changed":false,"footnotes":""},"class_list":["post-12005","page","type-page","status-publish","hentry"],"acf":[],"yoast_head":"<!-- This site is optimized with the Yoast SEO plugin v27.0 - https:\/\/yoast.com\/product\/yoast-seo-wordpress\/ -->\n<title>My\u010dky koly Frutiger - M\u00edstn\u011b i celosv\u011btov\u011b dostupn\u00e9<\/title>\n<meta name=\"description\" content=\"My\u010dky koly Frutiger - glob\u00e1ln\u00ed a m\u00edstn\u00ed. Najd\u011bte si m\u00edstn\u00ed vhodn\u00fd syst\u00e9m myt\u00ed pneumatik ve va\u0161\u00ed zemi. V\u00edce na na\u0161ich webov\u00fdch str\u00e1nk\u00e1ch.\" \/>\n<meta name=\"robots\" content=\"index, follow, max-snippet:-1, max-image-preview:large, max-video-preview:-1\" \/>\n<link rel=\"canonical\" href=\"https:\/\/www.mobydick.com\/cs\/pobocky\/\" \/>\n<meta property=\"og:locale\" content=\"cs_CZ\" \/>\n<meta property=\"og:type\" content=\"article\" \/>\n<meta property=\"og:title\" content=\"My\u010dky koly Frutiger - M\u00edstn\u011b i celosv\u011btov\u011b dostupn\u00e9\" \/>\n<meta property=\"og:description\" content=\"My\u010dky koly Frutiger - glob\u00e1ln\u00ed a m\u00edstn\u00ed. Najd\u011bte si m\u00edstn\u00ed vhodn\u00fd syst\u00e9m myt\u00ed pneumatik ve va\u0161\u00ed zemi. V\u00edce na na\u0161ich webov\u00fdch str\u00e1nk\u00e1ch.\" \/>\n<meta property=\"og:url\" content=\"https:\/\/www.mobydick.com\/cs\/pobocky\/\" \/>\n<meta property=\"og:site_name\" content=\"MobyDick\" \/>\n<meta property=\"article:publisher\" content=\"https:\/\/web.facebook.com\/FrutigerWinterthur\/\" \/>\n<meta property=\"article:modified_time\" content=\"2026-03-05T10:39:55+00:00\" \/>\n<meta name=\"twitter:card\" content=\"summary_large_image\" \/>\n<meta name=\"twitter:site\" content=\"@FrutigerCompany\" \/>\n<script type=\"application\/ld+json\" class=\"yoast-schema-graph\">{\"@context\":\"https:\/\/schema.org\",\"@graph\":[{\"@type\":\"WebPage\",\"@id\":\"https:\/\/www.mobydick.com\/cs\/pobocky\/\",\"url\":\"https:\/\/www.mobydick.com\/cs\/pobocky\/\",\"name\":\"My\u010dky koly Frutiger - M\u00edstn\u011b i celosv\u011btov\u011b dostupn\u00e9\",\"isPartOf\":{\"@id\":\"https:\/\/www.mobydick.com\/es\/#website\"},\"datePublished\":\"2018-07-27T07:24:56+00:00\",\"dateModified\":\"2026-03-05T10:39:55+00:00\",\"description\":\"My\u010dky koly Frutiger - glob\u00e1ln\u00ed a m\u00edstn\u00ed. Najd\u011bte si m\u00edstn\u00ed vhodn\u00fd syst\u00e9m myt\u00ed pneumatik ve va\u0161\u00ed zemi. V\u00edce na na\u0161ich webov\u00fdch str\u00e1nk\u00e1ch.\",\"breadcrumb\":{\"@id\":\"https:\/\/www.mobydick.com\/cs\/pobocky\/#breadcrumb\"},\"inLanguage\":\"cs\",\"potentialAction\":[{\"@type\":\"ReadAction\",\"target\":[\"https:\/\/www.mobydick.com\/cs\/pobocky\/\"]}]},{\"@type\":\"BreadcrumbList\",\"@id\":\"https:\/\/www.mobydick.com\/cs\/pobocky\/#breadcrumb\",\"itemListElement\":[{\"@type\":\"ListItem\",\"position\":1,\"name\":\"Home\",\"item\":\"https:\/\/www.mobydick.com\/cs\/\"},{\"@type\":\"ListItem\",\"position\":2,\"name\":\"Pobo\u010dky\"}]},{\"@type\":\"WebSite\",\"@id\":\"https:\/\/www.mobydick.com\/es\/#website\",\"url\":\"https:\/\/www.mobydick.com\/es\/\",\"name\":\"MobyDick\",\"description\":\"Emission Control\",\"publisher\":{\"@id\":\"https:\/\/www.mobydick.com\/es\/#organization\"},\"potentialAction\":[{\"@type\":\"SearchAction\",\"target\":{\"@type\":\"EntryPoint\",\"urlTemplate\":\"https:\/\/www.mobydick.com\/es\/?s={search_term_string}\"},\"query-input\":{\"@type\":\"PropertyValueSpecification\",\"valueRequired\":true,\"valueName\":\"search_term_string\"}}],\"inLanguage\":\"cs\"},{\"@type\":\"Organization\",\"@id\":\"https:\/\/www.mobydick.com\/es\/#organization\",\"name\":\"FRUTIGER Company AG\",\"url\":\"https:\/\/www.mobydick.com\/es\/\",\"logo\":{\"@type\":\"ImageObject\",\"inLanguage\":\"cs\",\"@id\":\"https:\/\/www.mobydick.com\/es\/#\/schema\/logo\/image\/\",\"url\":\"https:\/\/i0.wp.com\/www.mobydick.com\/wp-content\/uploads\/2018\/09\/mobydick.jpg?fit=800%2C534&ssl=1\",\"contentUrl\":\"https:\/\/i0.wp.com\/www.mobydick.com\/wp-content\/uploads\/2018\/09\/mobydick.jpg?fit=800%2C534&ssl=1\",\"width\":\"800\",\"height\":\"534\",\"caption\":\"FRUTIGER Company AG\"},\"image\":{\"@id\":\"https:\/\/www.mobydick.com\/es\/#\/schema\/logo\/image\/\"},\"sameAs\":[\"https:\/\/web.facebook.com\/FrutigerWinterthur\/\",\"https:\/\/x.com\/FrutigerCompany\",\"https:\/\/www.instagram.com\/mobydick_emissioncontrol\/\",\"https:\/\/www.linkedin.com\/company\/frutiger-company-ag\/\",\"https:\/\/www.youtube.com\/channel\/UCXqqqyxR0YnQ2W5glsQW5Tg\"]}]}<\/script>\n<!-- \/ Yoast SEO plugin. -->","yoast_head_json":{"title":"My\u010dky koly Frutiger - M\u00edstn\u011b i celosv\u011btov\u011b dostupn\u00e9","description":"My\u010dky koly Frutiger - glob\u00e1ln\u00ed a m\u00edstn\u00ed. Najd\u011bte si m\u00edstn\u00ed vhodn\u00fd syst\u00e9m myt\u00ed pneumatik ve va\u0161\u00ed zemi. V\u00edce na na\u0161ich webov\u00fdch str\u00e1nk\u00e1ch.","robots":{"index":"index","follow":"follow","max-snippet":"max-snippet:-1","max-image-preview":"max-image-preview:large","max-video-preview":"max-video-preview:-1"},"canonical":"https:\/\/www.mobydick.com\/cs\/pobocky\/","og_locale":"cs_CZ","og_type":"article","og_title":"My\u010dky koly Frutiger - M\u00edstn\u011b i celosv\u011btov\u011b dostupn\u00e9","og_description":"My\u010dky koly Frutiger - glob\u00e1ln\u00ed a m\u00edstn\u00ed. Najd\u011bte si m\u00edstn\u00ed vhodn\u00fd syst\u00e9m myt\u00ed pneumatik ve va\u0161\u00ed zemi. V\u00edce na na\u0161ich webov\u00fdch str\u00e1nk\u00e1ch.","og_url":"https:\/\/www.mobydick.com\/cs\/pobocky\/","og_site_name":"MobyDick","article_publisher":"https:\/\/web.facebook.com\/FrutigerWinterthur\/","article_modified_time":"2026-03-05T10:39:55+00:00","twitter_card":"summary_large_image","twitter_site":"@FrutigerCompany","schema":{"@context":"https:\/\/schema.org","@graph":[{"@type":"WebPage","@id":"https:\/\/www.mobydick.com\/cs\/pobocky\/","url":"https:\/\/www.mobydick.com\/cs\/pobocky\/","name":"My\u010dky koly Frutiger - M\u00edstn\u011b i celosv\u011btov\u011b dostupn\u00e9","isPartOf":{"@id":"https:\/\/www.mobydick.com\/es\/#website"},"datePublished":"2018-07-27T07:24:56+00:00","dateModified":"2026-03-05T10:39:55+00:00","description":"My\u010dky koly Frutiger - glob\u00e1ln\u00ed a m\u00edstn\u00ed. Najd\u011bte si m\u00edstn\u00ed vhodn\u00fd syst\u00e9m myt\u00ed pneumatik ve va\u0161\u00ed zemi. V\u00edce na na\u0161ich webov\u00fdch str\u00e1nk\u00e1ch.","breadcrumb":{"@id":"https:\/\/www.mobydick.com\/cs\/pobocky\/#breadcrumb"},"inLanguage":"cs","potentialAction":[{"@type":"ReadAction","target":["https:\/\/www.mobydick.com\/cs\/pobocky\/"]}]},{"@type":"BreadcrumbList","@id":"https:\/\/www.mobydick.com\/cs\/pobocky\/#breadcrumb","itemListElement":[{"@type":"ListItem","position":1,"name":"Home","item":"https:\/\/www.mobydick.com\/cs\/"},{"@type":"ListItem","position":2,"name":"Pobo\u010dky"}]},{"@type":"WebSite","@id":"https:\/\/www.mobydick.com\/es\/#website","url":"https:\/\/www.mobydick.com\/es\/","name":"MobyDick","description":"Emission Control","publisher":{"@id":"https:\/\/www.mobydick.com\/es\/#organization"},"potentialAction":[{"@type":"SearchAction","target":{"@type":"EntryPoint","urlTemplate":"https:\/\/www.mobydick.com\/es\/?s={search_term_string}"},"query-input":{"@type":"PropertyValueSpecification","valueRequired":true,"valueName":"search_term_string"}}],"inLanguage":"cs"},{"@type":"Organization","@id":"https:\/\/www.mobydick.com\/es\/#organization","name":"FRUTIGER Company AG","url":"https:\/\/www.mobydick.com\/es\/","logo":{"@type":"ImageObject","inLanguage":"cs","@id":"https:\/\/www.mobydick.com\/es\/#\/schema\/logo\/image\/","url":"https:\/\/i0.wp.com\/www.mobydick.com\/wp-content\/uploads\/2018\/09\/mobydick.jpg?fit=800%2C534&ssl=1","contentUrl":"https:\/\/i0.wp.com\/www.mobydick.com\/wp-content\/uploads\/2018\/09\/mobydick.jpg?fit=800%2C534&ssl=1","width":"800","height":"534","caption":"FRUTIGER Company AG"},"image":{"@id":"https:\/\/www.mobydick.com\/es\/#\/schema\/logo\/image\/"},"sameAs":["https:\/\/web.facebook.com\/FrutigerWinterthur\/","https:\/\/x.com\/FrutigerCompany","https:\/\/www.instagram.com\/mobydick_emissioncontrol\/","https:\/\/www.linkedin.com\/company\/frutiger-company-ag\/","https:\/\/www.youtube.com\/channel\/UCXqqqyxR0YnQ2W5glsQW5Tg"]}]}},"_links":{"self":[{"href":"https:\/\/www.mobydick.com\/cs\/wp-json\/wp\/v2\/pages\/12005","targetHints":{"allow":["GET"]}}],"collection":[{"href":"https:\/\/www.mobydick.com\/cs\/wp-json\/wp\/v2\/pages"}],"about":[{"href":"https:\/\/www.mobydick.com\/cs\/wp-json\/wp\/v2\/types\/page"}],"author":[{"embeddable":true,"href":"https:\/\/www.mobydick.com\/cs\/wp-json\/wp\/v2\/users\/1"}],"replies":[{"embeddable":true,"href":"https:\/\/www.mobydick.com\/cs\/wp-json\/wp\/v2\/comments?post=12005"}],"version-history":[{"count":31,"href":"https:\/\/www.mobydick.com\/cs\/wp-json\/wp\/v2\/pages\/12005\/revisions"}],"predecessor-version":[{"id":40585,"href":"https:\/\/www.mobydick.com\/cs\/wp-json\/wp\/v2\/pages\/12005\/revisions\/40585"}],"wp:attachment":[{"href":"https:\/\/www.mobydick.com\/cs\/wp-json\/wp\/v2\/media?parent=12005"}],"curies":[{"name":"wp","href":"https:\/\/api.w.org\/{rel}","templated":true}]}}