{"id":11912,"date":"2018-08-06T19:33:04","date_gmt":"2018-08-06T17:33:04","guid":{"rendered":"https:\/\/www.mobydick.com\/demucking\/baumaschinen\/"},"modified":"2025-05-13T14:29:41","modified_gmt":"2025-05-13T12:29:41","slug":"stavebni-stroje","status":"publish","type":"page","link":"https:\/\/www.mobydick.com\/cs\/demucking\/stavebni-stroje\/","title":{"rendered":"Stavebn\u00ed stroje"},"content":{"rendered":"","protected":false},"excerpt":{"rendered":"","protected":false},"author":1,"featured_media":38474,"parent":11910,"menu_order":2,"comment_status":"closed","ping_status":"closed","template":"templates\/single-product.php","meta":{"_acf_changed":false,"footnotes":""},"class_list":["post-11912","page","type-page","status-publish","has-post-thumbnail","hentry"],"acf":[],"yoast_head":"<!-- This site is optimized with the Yoast SEO plugin v27.0 - https:\/\/yoast.com\/product\/yoast-seo-wordpress\/ -->\n<title>\u010ci\u0161t\u011bn\u00ed stavebn\u00edch stroj\u016f s MobyDick demucking syst\u00e9my<\/title>\n<meta name=\"description\" content=\"\u010ci\u0161t\u011bn\u00ed stavebn\u00edch stroj\u016f nebylo nikdy jednodu\u0161\u0161\u00ed s na\u0161imi vysoce kvalitn\u00edmi demucking syst\u00e9my. Intenzivn\u00ed hrub\u00e9 \u010di\u0161t\u011bn\u00ed b\u011bhem n\u011bkolika minut.\" \/>\n<meta name=\"robots\" content=\"index, follow, max-snippet:-1, max-image-preview:large, max-video-preview:-1\" \/>\n<link rel=\"canonical\" href=\"https:\/\/www.mobydick.com\/cs\/demucking\/stavebni-stroje\/\" \/>\n<meta property=\"og:locale\" content=\"cs_CZ\" \/>\n<meta property=\"og:type\" content=\"article\" \/>\n<meta property=\"og:title\" content=\"\u010ci\u0161t\u011bn\u00ed stavebn\u00edch stroj\u016f s MobyDick demucking syst\u00e9my\" \/>\n<meta property=\"og:description\" content=\"\u010ci\u0161t\u011bn\u00ed stavebn\u00edch stroj\u016f nebylo nikdy jednodu\u0161\u0161\u00ed s na\u0161imi vysoce kvalitn\u00edmi demucking syst\u00e9my. Intenzivn\u00ed hrub\u00e9 \u010di\u0161t\u011bn\u00ed b\u011bhem n\u011bkolika minut.\" \/>\n<meta property=\"og:url\" content=\"https:\/\/www.mobydick.com\/cs\/demucking\/stavebni-stroje\/\" \/>\n<meta property=\"og:site_name\" content=\"MobyDick\" \/>\n<meta property=\"article:publisher\" content=\"https:\/\/web.facebook.com\/FrutigerWinterthur\/\" \/>\n<meta property=\"article:modified_time\" content=\"2025-05-13T12:29:41+00:00\" \/>\n<meta property=\"og:image\" content=\"https:\/\/www.mobydick.com\/wp-content\/uploads\/2018\/08\/Baumaschinen-min-2.jpg\" \/>\n\t<meta property=\"og:image:width\" content=\"390\" \/>\n\t<meta property=\"og:image:height\" content=\"256\" \/>\n\t<meta property=\"og:image:type\" content=\"image\/jpeg\" \/>\n<meta name=\"twitter:card\" content=\"summary_large_image\" \/>\n<meta name=\"twitter:site\" content=\"@FrutigerCompany\" \/>\n<script type=\"application\/ld+json\" class=\"yoast-schema-graph\">{\"@context\":\"https:\/\/schema.org\",\"@graph\":[{\"@type\":\"WebPage\",\"@id\":\"https:\/\/www.mobydick.com\/cs\/demucking\/stavebni-stroje\/\",\"url\":\"https:\/\/www.mobydick.com\/cs\/demucking\/stavebni-stroje\/\",\"name\":\"\u010ci\u0161t\u011bn\u00ed stavebn\u00edch stroj\u016f s MobyDick demucking syst\u00e9my\",\"isPartOf\":{\"@id\":\"https:\/\/www.mobydick.com\/es\/#website\"},\"primaryImageOfPage\":{\"@id\":\"https:\/\/www.mobydick.com\/cs\/demucking\/stavebni-stroje\/#primaryimage\"},\"image\":{\"@id\":\"https:\/\/www.mobydick.com\/cs\/demucking\/stavebni-stroje\/#primaryimage\"},\"thumbnailUrl\":\"https:\/\/i0.wp.com\/www.mobydick.com\/wp-content\/uploads\/2025\/05\/baumachinen-thumbnail.jpg?fit=314%2C286&ssl=1\",\"datePublished\":\"2018-08-06T17:33:04+00:00\",\"dateModified\":\"2025-05-13T12:29:41+00:00\",\"description\":\"\u010ci\u0161t\u011bn\u00ed stavebn\u00edch stroj\u016f nebylo nikdy jednodu\u0161\u0161\u00ed s na\u0161imi vysoce kvalitn\u00edmi demucking syst\u00e9my. Intenzivn\u00ed hrub\u00e9 \u010di\u0161t\u011bn\u00ed b\u011bhem n\u011bkolika minut.\",\"breadcrumb\":{\"@id\":\"https:\/\/www.mobydick.com\/cs\/demucking\/stavebni-stroje\/#breadcrumb\"},\"inLanguage\":\"cs\",\"potentialAction\":[{\"@type\":\"ReadAction\",\"target\":[\"https:\/\/www.mobydick.com\/cs\/demucking\/stavebni-stroje\/\"]}]},{\"@type\":\"ImageObject\",\"inLanguage\":\"cs\",\"@id\":\"https:\/\/www.mobydick.com\/cs\/demucking\/stavebni-stroje\/#primaryimage\",\"url\":\"https:\/\/i0.wp.com\/www.mobydick.com\/wp-content\/uploads\/2025\/05\/baumachinen-thumbnail.jpg?fit=314%2C286&ssl=1\",\"contentUrl\":\"https:\/\/i0.wp.com\/www.mobydick.com\/wp-content\/uploads\/2025\/05\/baumachinen-thumbnail.jpg?fit=314%2C286&ssl=1\",\"width\":314,\"height\":286,\"caption\":\"Baumachinen Thumbnail\"},{\"@type\":\"BreadcrumbList\",\"@id\":\"https:\/\/www.mobydick.com\/cs\/demucking\/stavebni-stroje\/#breadcrumb\",\"itemListElement\":[{\"@type\":\"ListItem\",\"position\":1,\"name\":\"Home\",\"item\":\"https:\/\/www.mobydick.com\/cs\/\"},{\"@type\":\"ListItem\",\"position\":2,\"name\":\"Demucking\",\"item\":\"https:\/\/www.mobydick.com\/cs\/demucking\/\"},{\"@type\":\"ListItem\",\"position\":3,\"name\":\"Stavebn\u00ed stroje\"}]},{\"@type\":\"WebSite\",\"@id\":\"https:\/\/www.mobydick.com\/es\/#website\",\"url\":\"https:\/\/www.mobydick.com\/es\/\",\"name\":\"MobyDick\",\"description\":\"Emission Control\",\"publisher\":{\"@id\":\"https:\/\/www.mobydick.com\/es\/#organization\"},\"potentialAction\":[{\"@type\":\"SearchAction\",\"target\":{\"@type\":\"EntryPoint\",\"urlTemplate\":\"https:\/\/www.mobydick.com\/es\/?s={search_term_string}\"},\"query-input\":{\"@type\":\"PropertyValueSpecification\",\"valueRequired\":true,\"valueName\":\"search_term_string\"}}],\"inLanguage\":\"cs\"},{\"@type\":\"Organization\",\"@id\":\"https:\/\/www.mobydick.com\/es\/#organization\",\"name\":\"FRUTIGER Company AG\",\"url\":\"https:\/\/www.mobydick.com\/es\/\",\"logo\":{\"@type\":\"ImageObject\",\"inLanguage\":\"cs\",\"@id\":\"https:\/\/www.mobydick.com\/es\/#\/schema\/logo\/image\/\",\"url\":\"https:\/\/i0.wp.com\/www.mobydick.com\/wp-content\/uploads\/2018\/09\/mobydick.jpg?fit=800%2C534&ssl=1\",\"contentUrl\":\"https:\/\/i0.wp.com\/www.mobydick.com\/wp-content\/uploads\/2018\/09\/mobydick.jpg?fit=800%2C534&ssl=1\",\"width\":\"800\",\"height\":\"534\",\"caption\":\"FRUTIGER Company AG\"},\"image\":{\"@id\":\"https:\/\/www.mobydick.com\/es\/#\/schema\/logo\/image\/\"},\"sameAs\":[\"https:\/\/web.facebook.com\/FrutigerWinterthur\/\",\"https:\/\/x.com\/FrutigerCompany\",\"https:\/\/www.instagram.com\/mobydick_emissioncontrol\/\",\"https:\/\/www.linkedin.com\/company\/frutiger-company-ag\/\",\"https:\/\/www.youtube.com\/channel\/UCXqqqyxR0YnQ2W5glsQW5Tg\"]}]}<\/script>\n<!-- \/ Yoast SEO plugin. -->","yoast_head_json":{"title":"\u010ci\u0161t\u011bn\u00ed stavebn\u00edch stroj\u016f s MobyDick demucking syst\u00e9my","description":"\u010ci\u0161t\u011bn\u00ed stavebn\u00edch stroj\u016f nebylo nikdy jednodu\u0161\u0161\u00ed s na\u0161imi vysoce kvalitn\u00edmi demucking syst\u00e9my. Intenzivn\u00ed hrub\u00e9 \u010di\u0161t\u011bn\u00ed b\u011bhem n\u011bkolika minut.","robots":{"index":"index","follow":"follow","max-snippet":"max-snippet:-1","max-image-preview":"max-image-preview:large","max-video-preview":"max-video-preview:-1"},"canonical":"https:\/\/www.mobydick.com\/cs\/demucking\/stavebni-stroje\/","og_locale":"cs_CZ","og_type":"article","og_title":"\u010ci\u0161t\u011bn\u00ed stavebn\u00edch stroj\u016f s MobyDick demucking syst\u00e9my","og_description":"\u010ci\u0161t\u011bn\u00ed stavebn\u00edch stroj\u016f nebylo nikdy jednodu\u0161\u0161\u00ed s na\u0161imi vysoce kvalitn\u00edmi demucking syst\u00e9my. Intenzivn\u00ed hrub\u00e9 \u010di\u0161t\u011bn\u00ed b\u011bhem n\u011bkolika minut.","og_url":"https:\/\/www.mobydick.com\/cs\/demucking\/stavebni-stroje\/","og_site_name":"MobyDick","article_publisher":"https:\/\/web.facebook.com\/FrutigerWinterthur\/","article_modified_time":"2025-05-13T12:29:41+00:00","og_image":[{"width":390,"height":256,"url":"https:\/\/www.mobydick.com\/wp-content\/uploads\/2018\/08\/Baumaschinen-min-2.jpg","type":"image\/jpeg"}],"twitter_card":"summary_large_image","twitter_site":"@FrutigerCompany","schema":{"@context":"https:\/\/schema.org","@graph":[{"@type":"WebPage","@id":"https:\/\/www.mobydick.com\/cs\/demucking\/stavebni-stroje\/","url":"https:\/\/www.mobydick.com\/cs\/demucking\/stavebni-stroje\/","name":"\u010ci\u0161t\u011bn\u00ed stavebn\u00edch stroj\u016f s MobyDick demucking syst\u00e9my","isPartOf":{"@id":"https:\/\/www.mobydick.com\/es\/#website"},"primaryImageOfPage":{"@id":"https:\/\/www.mobydick.com\/cs\/demucking\/stavebni-stroje\/#primaryimage"},"image":{"@id":"https:\/\/www.mobydick.com\/cs\/demucking\/stavebni-stroje\/#primaryimage"},"thumbnailUrl":"https:\/\/i0.wp.com\/www.mobydick.com\/wp-content\/uploads\/2025\/05\/baumachinen-thumbnail.jpg?fit=314%2C286&ssl=1","datePublished":"2018-08-06T17:33:04+00:00","dateModified":"2025-05-13T12:29:41+00:00","description":"\u010ci\u0161t\u011bn\u00ed stavebn\u00edch stroj\u016f nebylo nikdy jednodu\u0161\u0161\u00ed s na\u0161imi vysoce kvalitn\u00edmi demucking syst\u00e9my. Intenzivn\u00ed hrub\u00e9 \u010di\u0161t\u011bn\u00ed b\u011bhem n\u011bkolika minut.","breadcrumb":{"@id":"https:\/\/www.mobydick.com\/cs\/demucking\/stavebni-stroje\/#breadcrumb"},"inLanguage":"cs","potentialAction":[{"@type":"ReadAction","target":["https:\/\/www.mobydick.com\/cs\/demucking\/stavebni-stroje\/"]}]},{"@type":"ImageObject","inLanguage":"cs","@id":"https:\/\/www.mobydick.com\/cs\/demucking\/stavebni-stroje\/#primaryimage","url":"https:\/\/i0.wp.com\/www.mobydick.com\/wp-content\/uploads\/2025\/05\/baumachinen-thumbnail.jpg?fit=314%2C286&ssl=1","contentUrl":"https:\/\/i0.wp.com\/www.mobydick.com\/wp-content\/uploads\/2025\/05\/baumachinen-thumbnail.jpg?fit=314%2C286&ssl=1","width":314,"height":286,"caption":"Baumachinen Thumbnail"},{"@type":"BreadcrumbList","@id":"https:\/\/www.mobydick.com\/cs\/demucking\/stavebni-stroje\/#breadcrumb","itemListElement":[{"@type":"ListItem","position":1,"name":"Home","item":"https:\/\/www.mobydick.com\/cs\/"},{"@type":"ListItem","position":2,"name":"Demucking","item":"https:\/\/www.mobydick.com\/cs\/demucking\/"},{"@type":"ListItem","position":3,"name":"Stavebn\u00ed stroje"}]},{"@type":"WebSite","@id":"https:\/\/www.mobydick.com\/es\/#website","url":"https:\/\/www.mobydick.com\/es\/","name":"MobyDick","description":"Emission Control","publisher":{"@id":"https:\/\/www.mobydick.com\/es\/#organization"},"potentialAction":[{"@type":"SearchAction","target":{"@type":"EntryPoint","urlTemplate":"https:\/\/www.mobydick.com\/es\/?s={search_term_string}"},"query-input":{"@type":"PropertyValueSpecification","valueRequired":true,"valueName":"search_term_string"}}],"inLanguage":"cs"},{"@type":"Organization","@id":"https:\/\/www.mobydick.com\/es\/#organization","name":"FRUTIGER Company AG","url":"https:\/\/www.mobydick.com\/es\/","logo":{"@type":"ImageObject","inLanguage":"cs","@id":"https:\/\/www.mobydick.com\/es\/#\/schema\/logo\/image\/","url":"https:\/\/i0.wp.com\/www.mobydick.com\/wp-content\/uploads\/2018\/09\/mobydick.jpg?fit=800%2C534&ssl=1","contentUrl":"https:\/\/i0.wp.com\/www.mobydick.com\/wp-content\/uploads\/2018\/09\/mobydick.jpg?fit=800%2C534&ssl=1","width":"800","height":"534","caption":"FRUTIGER Company AG"},"image":{"@id":"https:\/\/www.mobydick.com\/es\/#\/schema\/logo\/image\/"},"sameAs":["https:\/\/web.facebook.com\/FrutigerWinterthur\/","https:\/\/x.com\/FrutigerCompany","https:\/\/www.instagram.com\/mobydick_emissioncontrol\/","https:\/\/www.linkedin.com\/company\/frutiger-company-ag\/","https:\/\/www.youtube.com\/channel\/UCXqqqyxR0YnQ2W5glsQW5Tg"]}]}},"_links":{"self":[{"href":"https:\/\/www.mobydick.com\/cs\/wp-json\/wp\/v2\/pages\/11912","targetHints":{"allow":["GET"]}}],"collection":[{"href":"https:\/\/www.mobydick.com\/cs\/wp-json\/wp\/v2\/pages"}],"about":[{"href":"https:\/\/www.mobydick.com\/cs\/wp-json\/wp\/v2\/types\/page"}],"author":[{"embeddable":true,"href":"https:\/\/www.mobydick.com\/cs\/wp-json\/wp\/v2\/users\/1"}],"replies":[{"embeddable":true,"href":"https:\/\/www.mobydick.com\/cs\/wp-json\/wp\/v2\/comments?post=11912"}],"version-history":[{"count":9,"href":"https:\/\/www.mobydick.com\/cs\/wp-json\/wp\/v2\/pages\/11912\/revisions"}],"predecessor-version":[{"id":37770,"href":"https:\/\/www.mobydick.com\/cs\/wp-json\/wp\/v2\/pages\/11912\/revisions\/37770"}],"up":[{"embeddable":true,"href":"https:\/\/www.mobydick.com\/cs\/wp-json\/wp\/v2\/pages\/11910"}],"wp:featuredmedia":[{"embeddable":true,"href":"https:\/\/www.mobydick.com\/cs\/wp-json\/wp\/v2\/media\/38474"}],"wp:attachment":[{"href":"https:\/\/www.mobydick.com\/cs\/wp-json\/wp\/v2\/media?parent=11912"}],"curies":[{"name":"wp","href":"https:\/\/api.w.org\/{rel}","templated":true}]}}